{"id":42875,"date":"2018-12-16T06:57:01","date_gmt":"2018-12-16T05:57:01","guid":{"rendered":"http:\/\/www.salon-success.ch\/?page_id=42875"},"modified":"2018-12-16T07:46:46","modified_gmt":"2018-12-16T06:46:46","slug":"job","status":"publish","type":"page","link":"https:\/\/www.salon-success.ch\/?page_id=42875&lang=deu","title":{"rendered":"Job"},"content":{"rendered":"\n<p style=\"text-align:center\"><strong>Gesucht Hostessen zwischen 18 &#8211; 35 Jahren<\/strong><br><br>&#8211; Arbeitszeiten k\u00f6nnen selber bestimmt werden<br>&#8211; eine Arbeit in einer diskreten, luxuri\u00f6sen und einer angenehmen Umgebung<br>&#8211; Wir k\u00fcmmern uns um Ihre Anmeldung<br>&#8211; Gute Verdienstm\u00f6glichkeit<\/p>\n\n\n\n<p style=\"text-align:center\">F\u00fcr alle weiteren Ausk\u00fcnfte k\u00f6nnen Sie&nbsp;uns gerne unter <br>Tel. 079 757 23 34 oder per <a href=\"mailto:salonsuccessdeborah@yahoo.fr\">E-mail<\/a>&nbsp;kontaktieren<\/p>\n","protected":false},"excerpt":{"rendered":"<p>Gesucht Hostessen zwischen 18 &#8211; 35 Jahren &#8211; Arbeitszeiten k\u00f6nnen selber bestimmt werden&#8211; eine Arbeit in einer diskreten, luxuri\u00f6sen und einer angenehmen Umgebung&#8211; Wir k\u00fcmmern uns um Ihre Anmeldung&#8211; Gute Verdienstm\u00f6glichkeit F\u00fcr alle weiteren Ausk\u00fcnfte k\u00f6nnen Sie&nbsp;uns gerne unter Tel&#8230;. <a href=\"https:\/\/www.salon-success.ch\/?page_id=42875&#038;lang=deu\" class=\"read-more\">Read More<\/a><\/p>\n","protected":false},"author":1,"featured_media":0,"parent":0,"menu_order":0,"comment_status":"closed","ping_status":"closed","template":"","meta":{"_et_pb_use_builder":"","_et_pb_old_content":"","_et_gb_content_width":"","footnotes":""},"class_list":["post-42875","page","type-page","status-publish","hentry"],"jetpack_shortlink":"https:\/\/wp.me\/PawdKS-b9x","jetpack_sharing_enabled":true,"_links":{"self":[{"href":"https:\/\/www.salon-success.ch\/index.php?rest_route=\/wp\/v2\/pages\/42875","targetHints":{"allow":["GET"]}}],"collection":[{"href":"https:\/\/www.salon-success.ch\/index.php?rest_route=\/wp\/v2\/pages"}],"about":[{"href":"https:\/\/www.salon-success.ch\/index.php?rest_route=\/wp\/v2\/types\/page"}],"author":[{"embeddable":true,"href":"https:\/\/www.salon-success.ch\/index.php?rest_route=\/wp\/v2\/users\/1"}],"replies":[{"embeddable":true,"href":"https:\/\/www.salon-success.ch\/index.php?rest_route=%2Fwp%2Fv2%2Fcomments&post=42875"}],"version-history":[{"count":8,"href":"https:\/\/www.salon-success.ch\/index.php?rest_route=\/wp\/v2\/pages\/42875\/revisions"}],"predecessor-version":[{"id":42920,"href":"https:\/\/www.salon-success.ch\/index.php?rest_route=\/wp\/v2\/pages\/42875\/revisions\/42920"}],"wp:attachment":[{"href":"https:\/\/www.salon-success.ch\/index.php?rest_route=%2Fwp%2Fv2%2Fmedia&parent=42875"}],"curies":[{"name":"wp","href":"https:\/\/api.w.org\/{rel}","templated":true}]}}